{"id":2169,"date":"2016-10-05T13:17:52","date_gmt":"2016-10-05T13:17:52","guid":{"rendered":"https:\/\/energiakeskus.ee\/home\/"},"modified":"2020-05-29T11:19:49","modified_gmt":"2020-05-29T08:19:49","slug":"home","status":"publish","type":"page","link":"https:\/\/www.energiakeskus.ee\/ru\/home\/","title":{"rendered":"Home"},"content":{"rendered":"","protected":false},"excerpt":{"rendered":"","protected":false},"author":18,"featured_media":0,"parent":0,"menu_order":28,"comment_status":"closed","ping_status":"closed","template":"","meta":{"_acf_changed":false,"footnotes":"","_links_to":"","_links_to_target":""},"categories":[],"tags":[],"class_list":["post-2169","page","type-page","status-publish","hentry"],"acf":[],"yoast_head":"<!-- This site is optimized with the Yoast SEO plugin v27.2 - https:\/\/yoast.com\/product\/yoast-seo-wordpress\/ -->\n<title>Energia avastuskeskus \u2013 avasta, m\u00e4ngi, \u00f5pi!<\/title>\n<meta name=\"description\" content=\"Energia avastus- ja teaduskeskus, kus on rohkem kui sada eksponaati, mis v\u00f5imaldavad f\u00fc\u00fcsikan\u00e4htusi turvaliselt ise uurida ja katsetada.\" \/>\n<meta name=\"robots\" content=\"index, follow, max-snippet:-1, max-image-preview:large, max-video-preview:-1\" \/>\n<link rel=\"canonical\" href=\"https:\/\/www.energiakeskus.ee\/ru\/home\/\" \/>\n<meta property=\"og:locale\" content=\"ru_RU\" \/>\n<meta property=\"og:type\" content=\"article\" \/>\n<meta property=\"og:title\" content=\"Energia avastuskeskus \u2013 avasta, m\u00e4ngi, \u00f5pi!\" \/>\n<meta property=\"og:description\" content=\"Energia avastus- ja teaduskeskus, kus on rohkem kui sada eksponaati, mis v\u00f5imaldavad f\u00fc\u00fcsikan\u00e4htusi turvaliselt ise uurida ja katsetada.\" \/>\n<meta property=\"og:url\" content=\"https:\/\/www.energiakeskus.ee\/ru\/home\/\" \/>\n<meta property=\"og:site_name\" content=\"\u041f\u043e\u0437\u043d\u0430\u0432\u0430\u0442\u0435\u043b\u044c\u043d\u044b\u0439 \u0446\u0435\u043d\u0442\u0440 \u00ab\u042d\u043d\u0435\u0440\u0433\u0438\u044f\u00bb\" \/>\n<meta property=\"article:publisher\" content=\"https:\/\/www.facebook.com\/Energiakeskus\" \/>\n<meta property=\"article:modified_time\" content=\"2020-05-29T08:19:49+00:00\" \/>\n<meta name=\"twitter:card\" content=\"summary_large_image\" \/>\n<script type=\"application\/ld+json\" class=\"yoast-schema-graph\">{\"@context\":\"https:\/\/schema.org\",\"@graph\":[{\"@type\":\"WebPage\",\"@id\":\"https:\/\/www.energiakeskus.ee\/ru\/home\/\",\"url\":\"https:\/\/www.energiakeskus.ee\/ru\/home\/\",\"name\":\"Energia avastuskeskus \u2013 avasta, m\u00e4ngi, \u00f5pi!\",\"isPartOf\":{\"@id\":\"https:\/\/www.energiakeskus.ee\/ru\/#website\"},\"datePublished\":\"2016-10-05T13:17:52+00:00\",\"dateModified\":\"2020-05-29T08:19:49+00:00\",\"description\":\"Energia avastus- ja teaduskeskus, kus on rohkem kui sada eksponaati, mis v\u00f5imaldavad f\u00fc\u00fcsikan\u00e4htusi turvaliselt ise uurida ja katsetada.\",\"breadcrumb\":{\"@id\":\"https:\/\/www.energiakeskus.ee\/ru\/home\/#breadcrumb\"},\"inLanguage\":\"ru-RU\",\"potentialAction\":[{\"@type\":\"ReadAction\",\"target\":[\"https:\/\/www.energiakeskus.ee\/ru\/home\/\"]}]},{\"@type\":\"BreadcrumbList\",\"@id\":\"https:\/\/www.energiakeskus.ee\/ru\/home\/#breadcrumb\",\"itemListElement\":[{\"@type\":\"ListItem\",\"position\":1,\"name\":\"Home\",\"item\":\"https:\/\/www.energiakeskus.ee\/ru\/\"},{\"@type\":\"ListItem\",\"position\":2,\"name\":\"Home\"}]},{\"@type\":\"WebSite\",\"@id\":\"https:\/\/www.energiakeskus.ee\/ru\/#website\",\"url\":\"https:\/\/www.energiakeskus.ee\/ru\/\",\"name\":\"\u041f\u043e\u0437\u043d\u0430\u0432\u0430\u0442\u0435\u043b\u044c\u043d\u044b\u0439 \u0446\u0435\u043d\u0442\u0440 \u00ab\u042d\u043d\u0435\u0440\u0433\u0438\u044f\u00bb\",\"description\":\"O\u0442\u043a\u0440\u044b\u0432\u0430\u0439, \u0438\u0433\u0440\u0430\u0439, \u0443\u0447\u0438\u0441\u044c!\",\"publisher\":{\"@id\":\"https:\/\/www.energiakeskus.ee\/ru\/#organization\"},\"potentialAction\":[{\"@type\":\"SearchAction\",\"target\":{\"@type\":\"EntryPoint\",\"urlTemplate\":\"https:\/\/www.energiakeskus.ee\/ru\/?s={search_term_string}\"},\"query-input\":{\"@type\":\"PropertyValueSpecification\",\"valueRequired\":true,\"valueName\":\"search_term_string\"}}],\"inLanguage\":\"ru-RU\"},{\"@type\":\"Organization\",\"@id\":\"https:\/\/www.energiakeskus.ee\/ru\/#organization\",\"name\":\"\u041f\u043e\u0437\u043d\u0430\u0432\u0430\u0442\u0435\u043b\u044c\u043d\u044b\u0439 \u0446\u0435\u043d\u0442\u0440 \u00ab\u042d\u043d\u0435\u0440\u0433\u0438\u044f\u00bb\",\"url\":\"https:\/\/www.energiakeskus.ee\/ru\/\",\"logo\":{\"@type\":\"ImageObject\",\"inLanguage\":\"ru-RU\",\"@id\":\"https:\/\/www.energiakeskus.ee\/ru\/#\/schema\/logo\/image\/\",\"url\":\"https:\/\/www.energiakeskus.ee\/static\/2022\/05\/EAK_web_covid-1.png\",\"contentUrl\":\"https:\/\/www.energiakeskus.ee\/static\/2022\/05\/EAK_web_covid-1.png\",\"width\":1500,\"height\":750,\"caption\":\"\u041f\u043e\u0437\u043d\u0430\u0432\u0430\u0442\u0435\u043b\u044c\u043d\u044b\u0439 \u0446\u0435\u043d\u0442\u0440 \u00ab\u042d\u043d\u0435\u0440\u0433\u0438\u044f\u00bb\"},\"image\":{\"@id\":\"https:\/\/www.energiakeskus.ee\/ru\/#\/schema\/logo\/image\/\"},\"sameAs\":[\"https:\/\/www.facebook.com\/Energiakeskus\"]}]}<\/script>\n<!-- \/ Yoast SEO plugin. -->","yoast_head_json":{"title":"Energia avastuskeskus \u2013 avasta, m\u00e4ngi, \u00f5pi!","description":"Energia avastus- ja teaduskeskus, kus on rohkem kui sada eksponaati, mis v\u00f5imaldavad f\u00fc\u00fcsikan\u00e4htusi turvaliselt ise uurida ja katsetada.","robots":{"index":"index","follow":"follow","max-snippet":"max-snippet:-1","max-image-preview":"max-image-preview:large","max-video-preview":"max-video-preview:-1"},"canonical":"https:\/\/www.energiakeskus.ee\/ru\/home\/","og_locale":"ru_RU","og_type":"article","og_title":"Energia avastuskeskus \u2013 avasta, m\u00e4ngi, \u00f5pi!","og_description":"Energia avastus- ja teaduskeskus, kus on rohkem kui sada eksponaati, mis v\u00f5imaldavad f\u00fc\u00fcsikan\u00e4htusi turvaliselt ise uurida ja katsetada.","og_url":"https:\/\/www.energiakeskus.ee\/ru\/home\/","og_site_name":"\u041f\u043e\u0437\u043d\u0430\u0432\u0430\u0442\u0435\u043b\u044c\u043d\u044b\u0439 \u0446\u0435\u043d\u0442\u0440 \u00ab\u042d\u043d\u0435\u0440\u0433\u0438\u044f\u00bb","article_publisher":"https:\/\/www.facebook.com\/Energiakeskus","article_modified_time":"2020-05-29T08:19:49+00:00","twitter_card":"summary_large_image","schema":{"@context":"https:\/\/schema.org","@graph":[{"@type":"WebPage","@id":"https:\/\/www.energiakeskus.ee\/ru\/home\/","url":"https:\/\/www.energiakeskus.ee\/ru\/home\/","name":"Energia avastuskeskus \u2013 avasta, m\u00e4ngi, \u00f5pi!","isPartOf":{"@id":"https:\/\/www.energiakeskus.ee\/ru\/#website"},"datePublished":"2016-10-05T13:17:52+00:00","dateModified":"2020-05-29T08:19:49+00:00","description":"Energia avastus- ja teaduskeskus, kus on rohkem kui sada eksponaati, mis v\u00f5imaldavad f\u00fc\u00fcsikan\u00e4htusi turvaliselt ise uurida ja katsetada.","breadcrumb":{"@id":"https:\/\/www.energiakeskus.ee\/ru\/home\/#breadcrumb"},"inLanguage":"ru-RU","potentialAction":[{"@type":"ReadAction","target":["https:\/\/www.energiakeskus.ee\/ru\/home\/"]}]},{"@type":"BreadcrumbList","@id":"https:\/\/www.energiakeskus.ee\/ru\/home\/#breadcrumb","itemListElement":[{"@type":"ListItem","position":1,"name":"Home","item":"https:\/\/www.energiakeskus.ee\/ru\/"},{"@type":"ListItem","position":2,"name":"Home"}]},{"@type":"WebSite","@id":"https:\/\/www.energiakeskus.ee\/ru\/#website","url":"https:\/\/www.energiakeskus.ee\/ru\/","name":"\u041f\u043e\u0437\u043d\u0430\u0432\u0430\u0442\u0435\u043b\u044c\u043d\u044b\u0439 \u0446\u0435\u043d\u0442\u0440 \u00ab\u042d\u043d\u0435\u0440\u0433\u0438\u044f\u00bb","description":"O\u0442\u043a\u0440\u044b\u0432\u0430\u0439, \u0438\u0433\u0440\u0430\u0439, \u0443\u0447\u0438\u0441\u044c!","publisher":{"@id":"https:\/\/www.energiakeskus.ee\/ru\/#organization"},"potentialAction":[{"@type":"SearchAction","target":{"@type":"EntryPoint","urlTemplate":"https:\/\/www.energiakeskus.ee\/ru\/?s={search_term_string}"},"query-input":{"@type":"PropertyValueSpecification","valueRequired":true,"valueName":"search_term_string"}}],"inLanguage":"ru-RU"},{"@type":"Organization","@id":"https:\/\/www.energiakeskus.ee\/ru\/#organization","name":"\u041f\u043e\u0437\u043d\u0430\u0432\u0430\u0442\u0435\u043b\u044c\u043d\u044b\u0439 \u0446\u0435\u043d\u0442\u0440 \u00ab\u042d\u043d\u0435\u0440\u0433\u0438\u044f\u00bb","url":"https:\/\/www.energiakeskus.ee\/ru\/","logo":{"@type":"ImageObject","inLanguage":"ru-RU","@id":"https:\/\/www.energiakeskus.ee\/ru\/#\/schema\/logo\/image\/","url":"https:\/\/www.energiakeskus.ee\/static\/2022\/05\/EAK_web_covid-1.png","contentUrl":"https:\/\/www.energiakeskus.ee\/static\/2022\/05\/EAK_web_covid-1.png","width":1500,"height":750,"caption":"\u041f\u043e\u0437\u043d\u0430\u0432\u0430\u0442\u0435\u043b\u044c\u043d\u044b\u0439 \u0446\u0435\u043d\u0442\u0440 \u00ab\u042d\u043d\u0435\u0440\u0433\u0438\u044f\u00bb"},"image":{"@id":"https:\/\/www.energiakeskus.ee\/ru\/#\/schema\/logo\/image\/"},"sameAs":["https:\/\/www.facebook.com\/Energiakeskus"]}]}},"publishpress_future_action":{"enabled":false,"date":"2026-04-22 02:30:36","action":"change-status","newStatus":"draft","terms":[],"taxonomy":"category","extraData":[]},"publishpress_future_workflow_manual_trigger":{"enabledWorkflows":[]},"_links":{"self":[{"href":"https:\/\/www.energiakeskus.ee\/ru\/wp-json\/wp\/v2\/pages\/2169","targetHints":{"allow":["GET"]}}],"collection":[{"href":"https:\/\/www.energiakeskus.ee\/ru\/wp-json\/wp\/v2\/pages"}],"about":[{"href":"https:\/\/www.energiakeskus.ee\/ru\/wp-json\/wp\/v2\/types\/page"}],"author":[{"embeddable":true,"href":"https:\/\/www.energiakeskus.ee\/ru\/wp-json\/wp\/v2\/users\/18"}],"replies":[{"embeddable":true,"href":"https:\/\/www.energiakeskus.ee\/ru\/wp-json\/wp\/v2\/comments?post=2169"}],"version-history":[{"count":115,"href":"https:\/\/www.energiakeskus.ee\/ru\/wp-json\/wp\/v2\/pages\/2169\/revisions"}],"predecessor-version":[{"id":8163,"href":"https:\/\/www.energiakeskus.ee\/ru\/wp-json\/wp\/v2\/pages\/2169\/revisions\/8163"}],"wp:attachment":[{"href":"https:\/\/www.energiakeskus.ee\/ru\/wp-json\/wp\/v2\/media?parent=2169"}],"wp:term":[{"taxonomy":"category","embeddable":true,"href":"https:\/\/www.energiakeskus.ee\/ru\/wp-json\/wp\/v2\/categories?post=2169"},{"taxonomy":"post_tag","embeddable":true,"href":"https:\/\/www.energiakeskus.ee\/ru\/wp-json\/wp\/v2\/tags?post=2169"}],"curies":[{"name":"wp","href":"https:\/\/api.w.org\/{rel}","templated":true}]}}