{"id":8408,"date":"2020-06-04T12:56:42","date_gmt":"2020-06-04T09:56:42","guid":{"rendered":"https:\/\/www.energiakeskus.ee\/parkimine\/"},"modified":"2022-02-04T11:55:36","modified_gmt":"2022-02-04T09:55:36","slug":"parking","status":"publish","type":"page","link":"https:\/\/www.energiakeskus.ee\/en\/parking\/","title":{"rendered":"Parking"},"content":{"rendered":"<p>Energia avastuskeskus asub Linnahalli ja Kultuurikatla k\u00f5rval. Linnahalli \u00fcmber on v\u00f5imalik valida kolme tasulise parkla vahel. Esimesse parklasse p\u00e4\u00e4seb kohe p\u00e4rast tanklat, Kultuurikatla eest, teise Kalasadama t\u00e4nava kaudu ning kolmandasse Sadama t\u00e4navalt Logi ja Rumbi t\u00e4navate kaudu. Palume p\u00f6\u00f6rata t\u00e4helepanu parklate m\u00e4rgistusele.<\/p>\n<p>Palume silmas pidada, et Energia avastuskeskuse peaukse ees parkimine ei ole lubatud.<\/p>\n<p>V\u00e4heste kohtadega tasuta parkla asub keskusest 400 meetri kaugusel Kalaranna t\u00e4naval. Parkida on v\u00f5imalik\u00a0ka P\u00f5hja puiestee v\u00f5i Kalasadama t\u00e4nava \u00e4\u00e4rde. Kogu piirkond asub Tallinna kesklinna parkimise tsoonis, kus parkimise minutihind on 0,025 eurot ehk 1,5 eurot tunni eest. Tasuline parkimine kehtib t\u00f6\u00f6p\u00e4eviti kella 7\u201319-ni ja laup\u00e4eviti kella 8\u201315-ni, muul ajal ja p\u00fchap\u00e4eviti on parkimine tasuta.<\/p>\n<p>Tutvuge ka Tallinna\u00a0<a href=\"https:\/\/www.tallinn.ee\/est\/Tasuline-parkimine\">parkimisv\u00f5imaluste<\/a>\u00a0ning\u00a0<a href=\"https:\/\/www.tallinn.ee\/est\/Parkimise-eest-tasumine\">parkimistingimuste ja -tasudega<\/a>.<\/p>\n","protected":false},"excerpt":{"rendered":"<p>Energia avastuskeskus asub Linnahalli ja Kultuurikatla k\u00f5rval. Linnahalli \u00fcmber on v\u00f5imalik valida kolme tasulise parkla vahel. Esimesse parklasse p\u00e4\u00e4seb kohe p\u00e4rast tanklat, Kultuurikatla eest, teise Kalasadama t\u00e4nava kaudu ning kolmandasse Sadama t\u00e4navalt Logi ja Rumbi t\u00e4navate kaudu. Palume p\u00f6\u00f6rata t\u00e4helepanu parklate m\u00e4rgistusele. Palume silmas pidada, et Energia avastuskeskuse peaukse ees parkimine ei ole lubatud. V\u00e4heste kohtadega tasuta parkla asub keskusest 400 meetri kaugusel Kalaranna t\u00e4naval. Parkida on v\u00f5imalik\u00a0ka P\u00f5hja puiestee v\u00f5i Kalasadama t\u00e4nava \u00e4\u00e4rde. Kogu piirkond asub Tallinna kesklinna parkimise tsoonis, kus parkimise minutihind on 0,025 eurot ehk 1,5 eurot tunni eest. Tasuline parkimine kehtib t\u00f6\u00f6p\u00e4eviti kella 7\u201319-ni ja laup\u00e4eviti kella 8\u201315-ni, muul ajal ja p\u00fchap\u00e4eviti on parkimine tasuta. Tutvuge ka Tallinna\u00a0parkimisv\u00f5imaluste\u00a0ning\u00a0parkimistingimuste ja -tasudega.<\/p>\n","protected":false},"author":18,"featured_media":0,"parent":0,"menu_order":0,"comment_status":"closed","ping_status":"closed","template":"templates\/parking-location.php","meta":{"_acf_changed":false,"footnotes":"","_links_to":"","_links_to_target":""},"categories":[],"tags":[],"class_list":["post-8408","page","type-page","status-publish","hentry"],"acf":[],"yoast_head":"<!-- This site is optimized with the Yoast SEO plugin v27.2 - https:\/\/yoast.com\/product\/yoast-seo-wordpress\/ -->\n<title>Parking - Energy Discovery Centre<\/title>\n<meta name=\"robots\" content=\"index, follow, max-snippet:-1, max-image-preview:large, max-video-preview:-1\" \/>\n<link rel=\"canonical\" href=\"https:\/\/www.energiakeskus.ee\/en\/parking\/\" \/>\n<meta property=\"og:locale\" content=\"en_US\" \/>\n<meta property=\"og:type\" content=\"article\" \/>\n<meta property=\"og:title\" content=\"Parking - Energy Discovery Centre\" \/>\n<meta property=\"og:description\" content=\"Energia avastuskeskus asub Linnahalli ja Kultuurikatla k\u00f5rval. Linnahalli \u00fcmber on v\u00f5imalik valida kolme tasulise parkla vahel. Esimesse parklasse p\u00e4\u00e4seb kohe p\u00e4rast tanklat, Kultuurikatla eest, teise Kalasadama t\u00e4nava kaudu ning kolmandasse Sadama t\u00e4navalt Logi ja Rumbi t\u00e4navate kaudu. Palume p\u00f6\u00f6rata t\u00e4helepanu parklate m\u00e4rgistusele. Palume silmas pidada, et Energia avastuskeskuse peaukse ees parkimine ei ole lubatud. V\u00e4heste kohtadega tasuta parkla asub keskusest 400 meetri kaugusel Kalaranna t\u00e4naval. Parkida on v\u00f5imalik\u00a0ka P\u00f5hja puiestee v\u00f5i Kalasadama t\u00e4nava \u00e4\u00e4rde. Kogu piirkond asub Tallinna kesklinna parkimise tsoonis, kus parkimise minutihind on 0,025 eurot ehk 1,5 eurot tunni eest. Tasuline parkimine kehtib t\u00f6\u00f6p\u00e4eviti kella 7\u201319-ni ja laup\u00e4eviti kella 8\u201315-ni, muul ajal ja p\u00fchap\u00e4eviti on parkimine tasuta. Tutvuge ka Tallinna\u00a0parkimisv\u00f5imaluste\u00a0ning\u00a0parkimistingimuste ja -tasudega.\" \/>\n<meta property=\"og:url\" content=\"https:\/\/www.energiakeskus.ee\/en\/parking\/\" \/>\n<meta property=\"og:site_name\" content=\"Energy Discovery Centre\" \/>\n<meta property=\"article:publisher\" content=\"https:\/\/www.facebook.com\/Energiakeskus\" \/>\n<meta property=\"article:modified_time\" content=\"2022-02-04T09:55:36+00:00\" \/>\n<meta name=\"twitter:card\" content=\"summary_large_image\" \/>\n<meta name=\"twitter:label1\" content=\"Est. reading time\" \/>\n\t<meta name=\"twitter:data1\" content=\"1 minute\" \/>\n<script type=\"application\/ld+json\" class=\"yoast-schema-graph\">{\"@context\":\"https:\/\/schema.org\",\"@graph\":[{\"@type\":\"WebPage\",\"@id\":\"https:\/\/www.energiakeskus.ee\/en\/parking\/\",\"url\":\"https:\/\/www.energiakeskus.ee\/en\/parking\/\",\"name\":\"Parking - Energy Discovery Centre\",\"isPartOf\":{\"@id\":\"https:\/\/www.energiakeskus.ee\/en\/#website\"},\"datePublished\":\"2020-06-04T09:56:42+00:00\",\"dateModified\":\"2022-02-04T09:55:36+00:00\",\"breadcrumb\":{\"@id\":\"https:\/\/www.energiakeskus.ee\/en\/parking\/#breadcrumb\"},\"inLanguage\":\"en-US\",\"potentialAction\":[{\"@type\":\"ReadAction\",\"target\":[\"https:\/\/www.energiakeskus.ee\/en\/parking\/\"]}]},{\"@type\":\"BreadcrumbList\",\"@id\":\"https:\/\/www.energiakeskus.ee\/en\/parking\/#breadcrumb\",\"itemListElement\":[{\"@type\":\"ListItem\",\"position\":1,\"name\":\"Home\",\"item\":\"https:\/\/www.energiakeskus.ee\/en\/\"},{\"@type\":\"ListItem\",\"position\":2,\"name\":\"Parking\"}]},{\"@type\":\"WebSite\",\"@id\":\"https:\/\/www.energiakeskus.ee\/en\/#website\",\"url\":\"https:\/\/www.energiakeskus.ee\/en\/\",\"name\":\"Energy Discovery Centre\",\"description\":\"Discover, play, learn!\",\"publisher\":{\"@id\":\"https:\/\/www.energiakeskus.ee\/en\/#organization\"},\"potentialAction\":[{\"@type\":\"SearchAction\",\"target\":{\"@type\":\"EntryPoint\",\"urlTemplate\":\"https:\/\/www.energiakeskus.ee\/en\/?s={search_term_string}\"},\"query-input\":{\"@type\":\"PropertyValueSpecification\",\"valueRequired\":true,\"valueName\":\"search_term_string\"}}],\"inLanguage\":\"en-US\"},{\"@type\":\"Organization\",\"@id\":\"https:\/\/www.energiakeskus.ee\/en\/#organization\",\"name\":\"Energy Discovery Centre\",\"url\":\"https:\/\/www.energiakeskus.ee\/en\/\",\"logo\":{\"@type\":\"ImageObject\",\"inLanguage\":\"en-US\",\"@id\":\"https:\/\/www.energiakeskus.ee\/en\/#\/schema\/logo\/image\/\",\"url\":\"https:\/\/www.energiakeskus.ee\/static\/2022\/05\/EAK_web_covid-1.png\",\"contentUrl\":\"https:\/\/www.energiakeskus.ee\/static\/2022\/05\/EAK_web_covid-1.png\",\"width\":1500,\"height\":750,\"caption\":\"Energy Discovery Centre\"},\"image\":{\"@id\":\"https:\/\/www.energiakeskus.ee\/en\/#\/schema\/logo\/image\/\"},\"sameAs\":[\"https:\/\/www.facebook.com\/Energiakeskus\"]}]}<\/script>\n<!-- \/ Yoast SEO plugin. -->","yoast_head_json":{"title":"Parking - Energy Discovery Centre","robots":{"index":"index","follow":"follow","max-snippet":"max-snippet:-1","max-image-preview":"max-image-preview:large","max-video-preview":"max-video-preview:-1"},"canonical":"https:\/\/www.energiakeskus.ee\/en\/parking\/","og_locale":"en_US","og_type":"article","og_title":"Parking - Energy Discovery Centre","og_description":"Energia avastuskeskus asub Linnahalli ja Kultuurikatla k\u00f5rval. Linnahalli \u00fcmber on v\u00f5imalik valida kolme tasulise parkla vahel. Esimesse parklasse p\u00e4\u00e4seb kohe p\u00e4rast tanklat, Kultuurikatla eest, teise Kalasadama t\u00e4nava kaudu ning kolmandasse Sadama t\u00e4navalt Logi ja Rumbi t\u00e4navate kaudu. Palume p\u00f6\u00f6rata t\u00e4helepanu parklate m\u00e4rgistusele. Palume silmas pidada, et Energia avastuskeskuse peaukse ees parkimine ei ole lubatud. V\u00e4heste kohtadega tasuta parkla asub keskusest 400 meetri kaugusel Kalaranna t\u00e4naval. Parkida on v\u00f5imalik\u00a0ka P\u00f5hja puiestee v\u00f5i Kalasadama t\u00e4nava \u00e4\u00e4rde. Kogu piirkond asub Tallinna kesklinna parkimise tsoonis, kus parkimise minutihind on 0,025 eurot ehk 1,5 eurot tunni eest. Tasuline parkimine kehtib t\u00f6\u00f6p\u00e4eviti kella 7\u201319-ni ja laup\u00e4eviti kella 8\u201315-ni, muul ajal ja p\u00fchap\u00e4eviti on parkimine tasuta. Tutvuge ka Tallinna\u00a0parkimisv\u00f5imaluste\u00a0ning\u00a0parkimistingimuste ja -tasudega.","og_url":"https:\/\/www.energiakeskus.ee\/en\/parking\/","og_site_name":"Energy Discovery Centre","article_publisher":"https:\/\/www.facebook.com\/Energiakeskus","article_modified_time":"2022-02-04T09:55:36+00:00","twitter_card":"summary_large_image","twitter_misc":{"Est. reading time":"1 minute"},"schema":{"@context":"https:\/\/schema.org","@graph":[{"@type":"WebPage","@id":"https:\/\/www.energiakeskus.ee\/en\/parking\/","url":"https:\/\/www.energiakeskus.ee\/en\/parking\/","name":"Parking - Energy Discovery Centre","isPartOf":{"@id":"https:\/\/www.energiakeskus.ee\/en\/#website"},"datePublished":"2020-06-04T09:56:42+00:00","dateModified":"2022-02-04T09:55:36+00:00","breadcrumb":{"@id":"https:\/\/www.energiakeskus.ee\/en\/parking\/#breadcrumb"},"inLanguage":"en-US","potentialAction":[{"@type":"ReadAction","target":["https:\/\/www.energiakeskus.ee\/en\/parking\/"]}]},{"@type":"BreadcrumbList","@id":"https:\/\/www.energiakeskus.ee\/en\/parking\/#breadcrumb","itemListElement":[{"@type":"ListItem","position":1,"name":"Home","item":"https:\/\/www.energiakeskus.ee\/en\/"},{"@type":"ListItem","position":2,"name":"Parking"}]},{"@type":"WebSite","@id":"https:\/\/www.energiakeskus.ee\/en\/#website","url":"https:\/\/www.energiakeskus.ee\/en\/","name":"Energy Discovery Centre","description":"Discover, play, learn!","publisher":{"@id":"https:\/\/www.energiakeskus.ee\/en\/#organization"},"potentialAction":[{"@type":"SearchAction","target":{"@type":"EntryPoint","urlTemplate":"https:\/\/www.energiakeskus.ee\/en\/?s={search_term_string}"},"query-input":{"@type":"PropertyValueSpecification","valueRequired":true,"valueName":"search_term_string"}}],"inLanguage":"en-US"},{"@type":"Organization","@id":"https:\/\/www.energiakeskus.ee\/en\/#organization","name":"Energy Discovery Centre","url":"https:\/\/www.energiakeskus.ee\/en\/","logo":{"@type":"ImageObject","inLanguage":"en-US","@id":"https:\/\/www.energiakeskus.ee\/en\/#\/schema\/logo\/image\/","url":"https:\/\/www.energiakeskus.ee\/static\/2022\/05\/EAK_web_covid-1.png","contentUrl":"https:\/\/www.energiakeskus.ee\/static\/2022\/05\/EAK_web_covid-1.png","width":1500,"height":750,"caption":"Energy Discovery Centre"},"image":{"@id":"https:\/\/www.energiakeskus.ee\/en\/#\/schema\/logo\/image\/"},"sameAs":["https:\/\/www.facebook.com\/Energiakeskus"]}]}},"publishpress_future_action":{"enabled":false,"date":"2026-04-14 00:51:03","action":"change-status","newStatus":"draft","terms":[],"taxonomy":"category","extraData":[]},"publishpress_future_workflow_manual_trigger":{"enabledWorkflows":[]},"_links":{"self":[{"href":"https:\/\/www.energiakeskus.ee\/en\/wp-json\/wp\/v2\/pages\/8408","targetHints":{"allow":["GET"]}}],"collection":[{"href":"https:\/\/www.energiakeskus.ee\/en\/wp-json\/wp\/v2\/pages"}],"about":[{"href":"https:\/\/www.energiakeskus.ee\/en\/wp-json\/wp\/v2\/types\/page"}],"author":[{"embeddable":true,"href":"https:\/\/www.energiakeskus.ee\/en\/wp-json\/wp\/v2\/users\/18"}],"replies":[{"embeddable":true,"href":"https:\/\/www.energiakeskus.ee\/en\/wp-json\/wp\/v2\/comments?post=8408"}],"version-history":[{"count":13,"href":"https:\/\/www.energiakeskus.ee\/en\/wp-json\/wp\/v2\/pages\/8408\/revisions"}],"predecessor-version":[{"id":12164,"href":"https:\/\/www.energiakeskus.ee\/en\/wp-json\/wp\/v2\/pages\/8408\/revisions\/12164"}],"wp:attachment":[{"href":"https:\/\/www.energiakeskus.ee\/en\/wp-json\/wp\/v2\/media?parent=8408"}],"wp:term":[{"taxonomy":"category","embeddable":true,"href":"https:\/\/www.energiakeskus.ee\/en\/wp-json\/wp\/v2\/categories?post=8408"},{"taxonomy":"post_tag","embeddable":true,"href":"https:\/\/www.energiakeskus.ee\/en\/wp-json\/wp\/v2\/tags?post=8408"}],"curies":[{"name":"wp","href":"https:\/\/api.w.org\/{rel}","templated":true}]}}